{"id":1204,"date":"2019-05-14T23:20:03","date_gmt":"2019-05-14T23:20:03","guid":{"rendered":"http:\/\/cosmoderma.com.br\/?page_id=1204"},"modified":"2020-07-21T13:40:32","modified_gmt":"2020-07-21T13:40:32","slug":"sobre-3","status":"publish","type":"page","link":"https:\/\/cosmoderma.com.br\/es\/sobre-3\/","title":{"rendered":"Misi\u00f3n, Visi\u00f3n y Valores"},"content":{"rendered":"\n<p>Presente en el mercado brasile\u00f1o desde hace m\u00e1s de 10 a\u00f1os, Cosmoderma es una industria especializada en la fabricaci\u00f3n de productos hospitalarios, higiene y protecci\u00f3n, tales como: cosm\u00e9ticos, desinfecci\u00f3n y correlatos. Cuenta con un equipo t\u00e9cnico especializado capaz de ofrecer mantenimiento y asistencia preventiva, comprometidos para que el resultado final sea un servicio de excelencia y precios competitivos. Toda la pol\u00edtica de nuestra empresa tiene como objetivo principal la total satisfacci\u00f3n y respeto por nuestros clientes. Contamos con un equipo de profesionales calificados y comprometidos, brind\u00e1ndole excelentes servicios.<\/p>\n\n\n\n<figure class=\"wp-block-video\"><video controls src=\"https:\/\/cosmoderma.com.br\/wp-content\/uploads\/2020\/07\/ES_Cosmo_Whatsapp.mp4\"><\/video><\/figure>\n\n\n\n<p><\/p>\n","protected":false},"excerpt":{"rendered":"<p>Presente en el mercado brasile\u00f1o desde hace m\u00e1s de 10 a\u00f1os, Cosmoderma es una industria especializada en la fabricaci\u00f3n de [&hellip;]<\/p>\n","protected":false},"author":2,"featured_media":178,"parent":0,"menu_order":10,"comment_status":"closed","ping_status":"open","template":"page_sobre.php","meta":{"_locale":"es_ES","_original_post":"2","_joinchat":[]},"_links":{"self":[{"href":"https:\/\/cosmoderma.com.br\/wp-json\/wp\/v2\/pages\/1204"}],"collection":[{"href":"https:\/\/cosmoderma.com.br\/wp-json\/wp\/v2\/pages"}],"about":[{"href":"https:\/\/cosmoderma.com.br\/wp-json\/wp\/v2\/types\/page"}],"author":[{"embeddable":true,"href":"https:\/\/cosmoderma.com.br\/wp-json\/wp\/v2\/users\/2"}],"replies":[{"embeddable":true,"href":"https:\/\/cosmoderma.com.br\/wp-json\/wp\/v2\/comments?post=1204"}],"version-history":[{"count":12,"href":"https:\/\/cosmoderma.com.br\/wp-json\/wp\/v2\/pages\/1204\/revisions"}],"predecessor-version":[{"id":1419,"href":"https:\/\/cosmoderma.com.br\/wp-json\/wp\/v2\/pages\/1204\/revisions\/1419"}],"wp:featuredmedia":[{"embeddable":true,"href":"https:\/\/cosmoderma.com.br\/wp-json\/wp\/v2\/media\/178"}],"wp:attachment":[{"href":"https:\/\/cosmoderma.com.br\/wp-json\/wp\/v2\/media?parent=1204"}],"curies":[{"name":"wp","href":"https:\/\/api.w.org\/{rel}","templated":true}]}}