{"id":1196,"date":"2019-05-14T22:42:59","date_gmt":"2019-05-14T22:42:59","guid":{"rendered":"http:\/\/cosmoderma.com.br\/?page_id=1196"},"modified":"2025-11-17T16:12:18","modified_gmt":"2025-11-17T16:12:18","slug":"home-3","status":"publish","type":"page","link":"https:\/\/cosmoderma.com.br\/","title":{"rendered":"Inicio"},"content":{"rendered":"\n<p>El <strong>COSMODERMA<\/strong> <br> <br> <strong>Cosmoderma Ind\u00fastria e Com\u00e9rcio Ltda.<\/strong> es una industria especializada en la fabricaci\u00f3n de productos hospitalarios, de higiene y protecci\u00f3n, tales como: Cosm\u00e9ticos, Sanitizantes, Relacionados y EPI. <br> <br>En el mercado desde hace 14 a\u00f1os, trabajamos continuamente para mejorar nuestros productos, servicios y sistemas de gesti\u00f3n. Teniendo como principal objetivo la satisfacci\u00f3n total de nuestros clientes, <strong>Cosmoderma<\/strong> trabaja para desarrollar y comercializar productos innovadores de alta calidad y eficiencia. <br> <br> Guiados por valores \u00e9ticos como la honestidad, la responsabilidad y el compromiso, buscamos siempre el m\u00e1s alto nivel de transparencia. Es en nuestra f\u00e1brica, ubicada en la ciudad de Pirassununga, a 200 km de S\u00e3o Paulo, donde desarrollamos nuestros productos y los enviamos a todo Brasil. <br> <br> Contamos con un equipo capacitado y especializado, siguiendo estrictos est\u00e1ndares de calidad y fabricaci\u00f3n. Nuestro sector de la calidad promueve la formaci\u00f3n constante y las conferencias con el objetivo de la excelencia y mejora t\u00e9cnica de nuestros productos. Contamos con soporte t\u00e9cnico especializado disponible para asistirlo con prontitud. <br> <br> Accede a nuestro sitio web o nuestras redes sociales y conoce toda nuestra l\u00ednea de productos. <br> <br> <strong>\u00abCosmoderma &#8211; La calidad es nuestra marca\u00bb <\/strong><\/p>\n\n\n\n<figure class=\"wp-block-video\"><video controls src=\"https:\/\/cosmoderma.com.br\/wp-content\/uploads\/2025\/11\/Video_Institucional_Fabrica_2025.mp4\"><\/video><\/figure>\n","protected":false},"excerpt":{"rendered":"<p>El COSMODERMA Cosmoderma Ind\u00fastria e Com\u00e9rcio Ltda. es una industria especializada en la fabricaci\u00f3n de productos hospitalarios, de higiene y [&hellip;]<\/p>\n","protected":false},"author":2,"featured_media":0,"parent":0,"menu_order":9,"comment_status":"closed","ping_status":"closed","template":"home.php","meta":{"_locale":"es_ES","_original_post":"18","_joinchat":[]},"_links":{"self":[{"href":"https:\/\/cosmoderma.com.br\/wp-json\/wp\/v2\/pages\/1196"}],"collection":[{"href":"https:\/\/cosmoderma.com.br\/wp-json\/wp\/v2\/pages"}],"about":[{"href":"https:\/\/cosmoderma.com.br\/wp-json\/wp\/v2\/types\/page"}],"author":[{"embeddable":true,"href":"https:\/\/cosmoderma.com.br\/wp-json\/wp\/v2\/users\/2"}],"replies":[{"embeddable":true,"href":"https:\/\/cosmoderma.com.br\/wp-json\/wp\/v2\/comments?post=1196"}],"version-history":[{"count":61,"href":"https:\/\/cosmoderma.com.br\/wp-json\/wp\/v2\/pages\/1196\/revisions"}],"predecessor-version":[{"id":1409,"href":"https:\/\/cosmoderma.com.br\/wp-json\/wp\/v2\/pages\/1196\/revisions\/1409"}],"wp:attachment":[{"href":"https:\/\/cosmoderma.com.br\/wp-json\/wp\/v2\/media?parent=1196"}],"curies":[{"name":"wp","href":"https:\/\/api.w.org\/{rel}","templated":true}]}}